{"id":182,"date":"2021-11-12T15:37:13","date_gmt":"2021-11-12T20:37:13","guid":{"rendered":"http:\/\/us.viticontrol.com\/?post_type=product&#038;p=182"},"modified":"2022-10-20T16:52:14","modified_gmt":"2022-10-20T21:52:14","slug":"basic-tail-lift-shorts","status":"publish","type":"product","link":"https:\/\/us.viticontrol.com\/?product=basic-tail-lift-shorts","title":{"rendered":"Basic Tail Lift Shorts"},"content":{"rendered":"<h1>DETALLES DE PRODUCTO<\/h1>\n<p>Short levanta cola b\u00e1sico talle alto en powernet forrado en LYCRA\u00ae, control en el abdomen, control de caderas y muslos. Mini varillas para evitar enrollamiento. Banda subgl\u00fatea que permite realce de gl\u00fateos con aspecto natural. Encaje siliconado para un excelente ajuste. Ideales para el postoperatorio de procesos quir\u00fargicos y est\u00e9ticos como lipoinyecci\u00f3n gl\u00fatea, hilos tensores, correcci\u00f3n de abdomen bajo.<\/p>\n<p>&nbsp;<\/p>\n","protected":false},"excerpt":{"rendered":"<p>Short talle alto en powernet forrado en LYCRA\u00ae, control en el abdomen, control de caderas y muslos, mini varillas, realce de gl\u00fateos con aspecto natural, encaje siliconado. Ref 1850<\/p>\n","protected":false},"featured_media":198,"template":"","meta":{"ocean_post_layout":"","ocean_both_sidebars_style":"","ocean_both_sidebars_content_width":0,"ocean_both_sidebars_sidebars_width":0,"ocean_sidebar":"0","ocean_second_sidebar":"0","ocean_disable_margins":"enable","ocean_add_body_class":"","ocean_shortcode_before_top_bar":"","ocean_shortcode_after_top_bar":"","ocean_shortcode_before_header":"","ocean_shortcode_after_header":"","ocean_has_shortcode":"","ocean_shortcode_after_title":"","ocean_shortcode_before_footer_widgets":"","ocean_shortcode_after_footer_widgets":"","ocean_shortcode_before_footer_bottom":"","ocean_shortcode_after_footer_bottom":"","ocean_display_top_bar":"default","ocean_display_header":"default","ocean_header_style":"","ocean_center_header_left_menu":"0","ocean_custom_header_template":"0","ocean_custom_logo":0,"ocean_custom_retina_logo":0,"ocean_custom_logo_max_width":0,"ocean_custom_logo_tablet_max_width":0,"ocean_custom_logo_mobile_max_width":0,"ocean_custom_logo_max_height":0,"ocean_custom_logo_tablet_max_height":0,"ocean_custom_logo_mobile_max_height":0,"ocean_header_custom_menu":"0","ocean_menu_typo_font_family":"0","ocean_menu_typo_font_subset":"","ocean_menu_typo_font_size":0,"ocean_menu_typo_font_size_tablet":0,"ocean_menu_typo_font_size_mobile":0,"ocean_menu_typo_font_size_unit":"px","ocean_menu_typo_font_weight":"","ocean_menu_typo_font_weight_tablet":"","ocean_menu_typo_font_weight_mobile":"","ocean_menu_typo_transform":"","ocean_menu_typo_transform_tablet":"","ocean_menu_typo_transform_mobile":"","ocean_menu_typo_line_height":0,"ocean_menu_typo_line_height_tablet":0,"ocean_menu_typo_line_height_mobile":0,"ocean_menu_typo_line_height_unit":"","ocean_menu_typo_spacing":0,"ocean_menu_typo_spacing_tablet":0,"ocean_menu_typo_spacing_mobile":0,"ocean_menu_typo_spacing_unit":"","ocean_menu_link_color":"","ocean_menu_link_color_hover":"","ocean_menu_link_color_active":"","ocean_menu_link_background":"","ocean_menu_link_hover_background":"","ocean_menu_link_active_background":"","ocean_menu_social_links_bg":"","ocean_menu_social_hover_links_bg":"","ocean_menu_social_links_color":"","ocean_menu_social_hover_links_color":"","ocean_disable_title":"default","ocean_disable_heading":"default","ocean_post_title":"","ocean_post_subheading":"","ocean_post_title_style":"","ocean_post_title_background_color":"","ocean_post_title_background":0,"ocean_post_title_bg_image_position":"","ocean_post_title_bg_image_attachment":"","ocean_post_title_bg_image_repeat":"","ocean_post_title_bg_image_size":"","ocean_post_title_height":0,"ocean_post_title_bg_overlay":0.5,"ocean_post_title_bg_overlay_color":"","ocean_disable_breadcrumbs":"default","ocean_breadcrumbs_color":"","ocean_breadcrumbs_separator_color":"","ocean_breadcrumbs_links_color":"","ocean_breadcrumbs_links_hover_color":"","ocean_display_footer_widgets":"default","ocean_display_footer_bottom":"default","ocean_custom_footer_template":"0"},"product_cat":[26,103,46,19,20,21,22,24,17,27,29],"product_tag":[],"class_list":{"0":"post-182","1":"product","2":"type-product","3":"status-publish","4":"has-post-thumbnail","6":"product_cat-diamond","7":"product_cat-la-faja-line","8":"product_cat-maxi-up-tail-lift","9":"product_cat-pear","10":"product_cat-post-partum","11":"product_cat-post-surgical","12":"product_cat-rectangle","13":"product_cat-sand-timer","14":"product_cat-shapewears","15":"product_cat-shaping","16":"product_cat-triangle","18":"entry","19":"has-media","21":"first","22":"instock","23":"shipping-taxable","24":"purchasable","25":"product-type-variable","26":"has-product-nav","27":"col","28":"span_1_of_4","29":"owp-content-center","30":"owp-thumbs-layout-horizontal","31":"owp-btn-normal","32":"owp-tabs-layout-horizontal"},"yoast_head":"<!-- This site is optimized with the Yoast SEO plugin v24.0 - https:\/\/yoast.com\/wordpress\/plugins\/seo\/ -->\n<title>Basic Tail Lift Shorts - Fajas Viticontrol<\/title>\n<meta name=\"description\" content=\"Short talle alto en powernet forrado en LYCRA\u00ae, control en el abdomen, control de caderas y muslos, mini varillas, realce de gl\u00fateos con aspecto natural, encaje siliconado. Ref 1850\" \/>\n<meta name=\"robots\" content=\"index, follow, max-snippet:-1, max-image-preview:large, max-video-preview:-1\" \/>\n<link rel=\"canonical\" href=\"https:\/\/us.viticontrol.com\/?product=basic-tail-lift-shorts\" \/>\n<meta property=\"og:locale\" content=\"en_US\" \/>\n<meta property=\"og:type\" content=\"article\" \/>\n<meta property=\"og:title\" content=\"Basic Tail Lift Shorts - Fajas Viticontrol\" \/>\n<meta property=\"og:description\" content=\"Short talle alto en powernet forrado en LYCRA\u00ae, control en el abdomen, control de caderas y muslos, mini varillas, realce de gl\u00fateos con aspecto natural, encaje siliconado. Ref 1850\" \/>\n<meta property=\"og:url\" content=\"https:\/\/us.viticontrol.com\/?product=basic-tail-lift-shorts\" \/>\n<meta property=\"og:site_name\" content=\"Fajas Viticontrol\" \/>\n<meta property=\"article:modified_time\" content=\"2022-10-20T21:52:14+00:00\" \/>\n<meta property=\"og:image\" content=\"https:\/\/us.viticontrol.com\/wp-content\/uploads\/2021\/11\/Faja-Culotte-Up-Basic-moldeadora-1850-5.png\" \/>\n\t<meta property=\"og:image:width\" content=\"1200\" \/>\n\t<meta property=\"og:image:height\" content=\"800\" \/>\n\t<meta property=\"og:image:type\" content=\"image\/png\" \/>\n<meta name=\"twitter:card\" content=\"summary_large_image\" \/>\n<meta name=\"twitter:label1\" content=\"Est. reading time\" \/>\n\t<meta name=\"twitter:data1\" content=\"1 minute\" \/>\n<script type=\"application\/ld+json\" class=\"yoast-schema-graph\">{\"@context\":\"https:\/\/schema.org\",\"@graph\":[{\"@type\":\"WebPage\",\"@id\":\"https:\/\/us.viticontrol.com\/?product=basic-tail-lift-shorts\",\"url\":\"https:\/\/us.viticontrol.com\/?product=basic-tail-lift-shorts\",\"name\":\"Basic Tail Lift Shorts - Fajas Viticontrol\",\"isPartOf\":{\"@id\":\"https:\/\/us.viticontrol.com\/#website\"},\"primaryImageOfPage\":{\"@id\":\"https:\/\/us.viticontrol.com\/?product=basic-tail-lift-shorts#primaryimage\"},\"image\":{\"@id\":\"https:\/\/us.viticontrol.com\/?product=basic-tail-lift-shorts#primaryimage\"},\"thumbnailUrl\":\"https:\/\/us.viticontrol.com\/wp-content\/uploads\/2021\/11\/Faja-Culotte-Up-Basic-moldeadora-1850-5.png\",\"datePublished\":\"2021-11-12T20:37:13+00:00\",\"dateModified\":\"2022-10-20T21:52:14+00:00\",\"breadcrumb\":{\"@id\":\"https:\/\/us.viticontrol.com\/?product=basic-tail-lift-shorts#breadcrumb\"},\"inLanguage\":\"en-US\",\"potentialAction\":[{\"@type\":\"ReadAction\",\"target\":[\"https:\/\/us.viticontrol.com\/?product=basic-tail-lift-shorts\"]}]},{\"@type\":\"ImageObject\",\"inLanguage\":\"en-US\",\"@id\":\"https:\/\/us.viticontrol.com\/?product=basic-tail-lift-shorts#primaryimage\",\"url\":\"https:\/\/us.viticontrol.com\/wp-content\/uploads\/2021\/11\/Faja-Culotte-Up-Basic-moldeadora-1850-5.png\",\"contentUrl\":\"https:\/\/us.viticontrol.com\/wp-content\/uploads\/2021\/11\/Faja-Culotte-Up-Basic-moldeadora-1850-5.png\",\"width\":1200,\"height\":800},{\"@type\":\"BreadcrumbList\",\"@id\":\"https:\/\/us.viticontrol.com\/?product=basic-tail-lift-shorts#breadcrumb\",\"itemListElement\":[{\"@type\":\"ListItem\",\"position\":1,\"name\":\"Portada\",\"item\":\"https:\/\/us.viticontrol.com\/\"},{\"@type\":\"ListItem\",\"position\":2,\"name\":\"Colombian girdles\",\"item\":\"https:\/\/us.viticontrol.com\/\"},{\"@type\":\"ListItem\",\"position\":3,\"name\":\"Basic Tail Lift Shorts\"}]},{\"@type\":\"WebSite\",\"@id\":\"https:\/\/us.viticontrol.com\/#website\",\"url\":\"https:\/\/us.viticontrol.com\/\",\"name\":\"Fajas Viticontrol\",\"description\":\"Colombian girdles\",\"publisher\":{\"@id\":\"https:\/\/us.viticontrol.com\/#organization\"},\"potentialAction\":[{\"@type\":\"SearchAction\",\"target\":{\"@type\":\"EntryPoint\",\"urlTemplate\":\"https:\/\/us.viticontrol.com\/?s={search_term_string}\"},\"query-input\":{\"@type\":\"PropertyValueSpecification\",\"valueRequired\":true,\"valueName\":\"search_term_string\"}}],\"inLanguage\":\"en-US\"},{\"@type\":\"Organization\",\"@id\":\"https:\/\/us.viticontrol.com\/#organization\",\"name\":\"Fajas Viticontrol\",\"url\":\"https:\/\/us.viticontrol.com\/\",\"logo\":{\"@type\":\"ImageObject\",\"inLanguage\":\"en-US\",\"@id\":\"https:\/\/us.viticontrol.com\/#\/schema\/logo\/image\/\",\"url\":\"https:\/\/us.viticontrol.com\/wp-content\/uploads\/2021\/11\/Logo-VITI-Footer-1-1.png\",\"contentUrl\":\"https:\/\/us.viticontrol.com\/wp-content\/uploads\/2021\/11\/Logo-VITI-Footer-1-1.png\",\"width\":200,\"height\":240,\"caption\":\"Fajas Viticontrol\"},\"image\":{\"@id\":\"https:\/\/us.viticontrol.com\/#\/schema\/logo\/image\/\"}}]}<\/script>\n<!-- \/ Yoast SEO plugin. -->","yoast_head_json":{"title":"Basic Tail Lift Shorts - Fajas Viticontrol","description":"Short talle alto en powernet forrado en LYCRA\u00ae, control en el abdomen, control de caderas y muslos, mini varillas, realce de gl\u00fateos con aspecto natural, encaje siliconado. Ref 1850","robots":{"index":"index","follow":"follow","max-snippet":"max-snippet:-1","max-image-preview":"max-image-preview:large","max-video-preview":"max-video-preview:-1"},"canonical":"https:\/\/us.viticontrol.com\/?product=basic-tail-lift-shorts","og_locale":"en_US","og_type":"article","og_title":"Basic Tail Lift Shorts - Fajas Viticontrol","og_description":"Short talle alto en powernet forrado en LYCRA\u00ae, control en el abdomen, control de caderas y muslos, mini varillas, realce de gl\u00fateos con aspecto natural, encaje siliconado. Ref 1850","og_url":"https:\/\/us.viticontrol.com\/?product=basic-tail-lift-shorts","og_site_name":"Fajas Viticontrol","article_modified_time":"2022-10-20T21:52:14+00:00","og_image":[{"width":1200,"height":800,"url":"https:\/\/us.viticontrol.com\/wp-content\/uploads\/2021\/11\/Faja-Culotte-Up-Basic-moldeadora-1850-5.png","type":"image\/png"}],"twitter_card":"summary_large_image","twitter_misc":{"Est. reading time":"1 minute"},"schema":{"@context":"https:\/\/schema.org","@graph":[{"@type":"WebPage","@id":"https:\/\/us.viticontrol.com\/?product=basic-tail-lift-shorts","url":"https:\/\/us.viticontrol.com\/?product=basic-tail-lift-shorts","name":"Basic Tail Lift Shorts - Fajas Viticontrol","isPartOf":{"@id":"https:\/\/us.viticontrol.com\/#website"},"primaryImageOfPage":{"@id":"https:\/\/us.viticontrol.com\/?product=basic-tail-lift-shorts#primaryimage"},"image":{"@id":"https:\/\/us.viticontrol.com\/?product=basic-tail-lift-shorts#primaryimage"},"thumbnailUrl":"https:\/\/us.viticontrol.com\/wp-content\/uploads\/2021\/11\/Faja-Culotte-Up-Basic-moldeadora-1850-5.png","datePublished":"2021-11-12T20:37:13+00:00","dateModified":"2022-10-20T21:52:14+00:00","breadcrumb":{"@id":"https:\/\/us.viticontrol.com\/?product=basic-tail-lift-shorts#breadcrumb"},"inLanguage":"en-US","potentialAction":[{"@type":"ReadAction","target":["https:\/\/us.viticontrol.com\/?product=basic-tail-lift-shorts"]}]},{"@type":"ImageObject","inLanguage":"en-US","@id":"https:\/\/us.viticontrol.com\/?product=basic-tail-lift-shorts#primaryimage","url":"https:\/\/us.viticontrol.com\/wp-content\/uploads\/2021\/11\/Faja-Culotte-Up-Basic-moldeadora-1850-5.png","contentUrl":"https:\/\/us.viticontrol.com\/wp-content\/uploads\/2021\/11\/Faja-Culotte-Up-Basic-moldeadora-1850-5.png","width":1200,"height":800},{"@type":"BreadcrumbList","@id":"https:\/\/us.viticontrol.com\/?product=basic-tail-lift-shorts#breadcrumb","itemListElement":[{"@type":"ListItem","position":1,"name":"Portada","item":"https:\/\/us.viticontrol.com\/"},{"@type":"ListItem","position":2,"name":"Colombian girdles","item":"https:\/\/us.viticontrol.com\/"},{"@type":"ListItem","position":3,"name":"Basic Tail Lift Shorts"}]},{"@type":"WebSite","@id":"https:\/\/us.viticontrol.com\/#website","url":"https:\/\/us.viticontrol.com\/","name":"Fajas Viticontrol","description":"Colombian girdles","publisher":{"@id":"https:\/\/us.viticontrol.com\/#organization"},"potentialAction":[{"@type":"SearchAction","target":{"@type":"EntryPoint","urlTemplate":"https:\/\/us.viticontrol.com\/?s={search_term_string}"},"query-input":{"@type":"PropertyValueSpecification","valueRequired":true,"valueName":"search_term_string"}}],"inLanguage":"en-US"},{"@type":"Organization","@id":"https:\/\/us.viticontrol.com\/#organization","name":"Fajas Viticontrol","url":"https:\/\/us.viticontrol.com\/","logo":{"@type":"ImageObject","inLanguage":"en-US","@id":"https:\/\/us.viticontrol.com\/#\/schema\/logo\/image\/","url":"https:\/\/us.viticontrol.com\/wp-content\/uploads\/2021\/11\/Logo-VITI-Footer-1-1.png","contentUrl":"https:\/\/us.viticontrol.com\/wp-content\/uploads\/2021\/11\/Logo-VITI-Footer-1-1.png","width":200,"height":240,"caption":"Fajas Viticontrol"},"image":{"@id":"https:\/\/us.viticontrol.com\/#\/schema\/logo\/image\/"}}]}},"_links":{"self":[{"href":"https:\/\/us.viticontrol.com\/index.php?rest_route=\/wp\/v2\/product\/182","targetHints":{"allow":["GET"]}}],"collection":[{"href":"https:\/\/us.viticontrol.com\/index.php?rest_route=\/wp\/v2\/product"}],"about":[{"href":"https:\/\/us.viticontrol.com\/index.php?rest_route=\/wp\/v2\/types\/product"}],"wp:featuredmedia":[{"embeddable":true,"href":"https:\/\/us.viticontrol.com\/index.php?rest_route=\/wp\/v2\/media\/198"}],"wp:attachment":[{"href":"https:\/\/us.viticontrol.com\/index.php?rest_route=%2Fwp%2Fv2%2Fmedia&parent=182"}],"wp:term":[{"taxonomy":"product_cat","embeddable":true,"href":"https:\/\/us.viticontrol.com\/index.php?rest_route=%2Fwp%2Fv2%2Fproduct_cat&post=182"},{"taxonomy":"product_tag","embeddable":true,"href":"https:\/\/us.viticontrol.com\/index.php?rest_route=%2Fwp%2Fv2%2Fproduct_tag&post=182"}],"curies":[{"name":"wp","href":"https:\/\/api.w.org\/{rel}","templated":true}]}}