{"id":1776,"date":"2021-11-12T15:44:33","date_gmt":"2021-11-12T20:44:33","guid":{"rendered":"http:\/\/us.viticontrol.com\/?post_type=product&#038;p=1776"},"modified":"2023-02-01T11:29:46","modified_gmt":"2023-02-01T16:29:46","slug":"hipster-girdle-tech-smart-glow","status":"publish","type":"product","link":"https:\/\/us.viticontrol.com\/?product=hipster-girdle-tech-smart-glow","title":{"rendered":"Hipster girdle Tech Smart Glow"},"content":{"rendered":"<h1><span style=\"vertical-align: inherit;\"><span style=\"vertical-align: inherit;\">DETALLES DE PRODUCTO<\/span><\/span><\/h1>\n<div class=\"et_pb_module et_pb_wc_description et_pb_wc_description_1 et_pb_bg_layout_light et_pb_text_align_left\">\n<div class=\"et_pb_module_inner\">\n<p><span style=\"vertical-align: inherit;\"><span style=\"vertical-align: inherit;\">Faja en &#8220;SMARTGLOW&#8221; de uso diario cachetera, en Powernet forrada en algod\u00f3n de alta calidad. <\/span><span style=\"vertical-align: inherit;\">Dise\u00f1o de 4 niveles de broches frontales que te permiten ajustarla a medida que vayas bajando de talla. <\/span><span style=\"vertical-align: inherit;\">Tira delgada con cubrimiento de espalda y senos libres &#8211; Cuenta con dise\u00f1o de pecho en forma de curva para el levantamiento de tus senos. <\/span><span style=\"vertical-align: inherit;\">Blonda siliconada en piernas para evitar que se enrolle. <\/span><span style=\"vertical-align: inherit;\">Realce de gl\u00fateos y moldeamiento en gl\u00fateos mediante banda subgl\u00fatea. <\/span><span style=\"vertical-align: inherit;\">Banda Sacra para perfilar gl\u00fateos y ayudar a desinflamar. <\/span><span style=\"vertical-align: inherit;\">Abertura perineal con panty para mayor comodidad.<\/span><\/span><\/p>\n<\/div>\n<\/div>\n<div class=\"et_pb_module et_pb_wc_additional_info et_pb_wc_additional_info_0 et_pb_bg_layout_dark et_pb_text_align_left\">\n<div class=\"et_pb_module_inner\"><\/div>\n<\/div>\n","protected":false},"excerpt":{"rendered":"<p><span data-sheets-value=\"{&quot;1&quot;:2,&quot;2&quot;:&quot;Faja post-quirurgica cachetera,en powernet forrada en algodon de alta calidad ,4 niveles de broches ,tira delgada con cubrimiento de espalda,senos libres,blonda siliconada en piernas Para evitar que se enrrolle,realce natural de gluteos &quot;}\" data-sheets-userformat=\"{&quot;2&quot;:15357,&quot;3&quot;:{&quot;1&quot;:0},&quot;5&quot;:{&quot;1&quot;:[{&quot;1&quot;:2,&quot;2&quot;:0,&quot;5&quot;:[null,2,0]},{&quot;1&quot;:0,&quot;2&quot;:0,&quot;3&quot;:3},{&quot;1&quot;:1,&quot;2&quot;:0,&quot;4&quot;:1}]},&quot;6&quot;:{&quot;1&quot;:[{&quot;1&quot;:2,&quot;2&quot;:0,&quot;5&quot;:[null,2,0]},{&quot;1&quot;:0,&quot;2&quot;:0,&quot;3&quot;:3},{&quot;1&quot;:1,&quot;2&quot;:0,&quot;4&quot;:1}]},&quot;7&quot;:{&quot;1&quot;:[{&quot;1&quot;:2,&quot;2&quot;:0,&quot;5&quot;:[null,2,0]},{&quot;1&quot;:0,&quot;2&quot;:0,&quot;3&quot;:3},{&quot;1&quot;:1,&quot;2&quot;:0,&quot;4&quot;:1}]},&quot;8&quot;:{&quot;1&quot;:[{&quot;1&quot;:2,&quot;2&quot;:0,&quot;5&quot;:[null,2,0]},{&quot;1&quot;:0,&quot;2&quot;:0,&quot;3&quot;:3},{&quot;1&quot;:1,&quot;2&quot;:0,&quot;4&quot;:1}]},&quot;9&quot;:1,&quot;10&quot;:1,&quot;11&quot;:4,&quot;12&quot;:0,&quot;14&quot;:[null,2,0],&quot;15&quot;:&quot;Calibri&quot;,&quot;16&quot;:11}\"><span style=\"vertical-align: inherit;\"><span style=\"vertical-align: inherit;\">Faja en &#8220;SMARTGLOW&#8221; cachetera en Powernet forrada en algod\u00f3n de alta calidad. <\/span><span style=\"vertical-align: inherit;\">Dise\u00f1o de 4 niveles de broches frontales. <\/span><span style=\"vertical-align: inherit;\">Tiras delgadas con cubrimiento de espalda y senos libres. <\/span><span style=\"vertical-align: inherit;\">Blonda siliconada, realce de gl\u00fateos y moldeamiento en gl\u00fateos. <\/span><span style=\"vertical-align: inherit;\">Abertura perineal con panty. <\/span><span style=\"vertical-align: inherit;\">\u00c1rbitro. <\/span><span style=\"vertical-align: inherit;\">6000<\/span><\/span><\/span><\/p>\n","protected":false},"featured_media":1798,"template":"","meta":{"ocean_post_layout":"","ocean_both_sidebars_style":"","ocean_both_sidebars_content_width":0,"ocean_both_sidebars_sidebars_width":0,"ocean_sidebar":"0","ocean_second_sidebar":"0","ocean_disable_margins":"enable","ocean_add_body_class":"","ocean_shortcode_before_top_bar":"","ocean_shortcode_after_top_bar":"","ocean_shortcode_before_header":"","ocean_shortcode_after_header":"","ocean_has_shortcode":"","ocean_shortcode_after_title":"","ocean_shortcode_before_footer_widgets":"","ocean_shortcode_after_footer_widgets":"","ocean_shortcode_before_footer_bottom":"","ocean_shortcode_after_footer_bottom":"","ocean_display_top_bar":"default","ocean_display_header":"default","ocean_header_style":"","ocean_center_header_left_menu":"0","ocean_custom_header_template":"0","ocean_custom_logo":0,"ocean_custom_retina_logo":0,"ocean_custom_logo_max_width":0,"ocean_custom_logo_tablet_max_width":0,"ocean_custom_logo_mobile_max_width":0,"ocean_custom_logo_max_height":0,"ocean_custom_logo_tablet_max_height":0,"ocean_custom_logo_mobile_max_height":0,"ocean_header_custom_menu":"0","ocean_menu_typo_font_family":"0","ocean_menu_typo_font_subset":"","ocean_menu_typo_font_size":0,"ocean_menu_typo_font_size_tablet":0,"ocean_menu_typo_font_size_mobile":0,"ocean_menu_typo_font_size_unit":"px","ocean_menu_typo_font_weight":"","ocean_menu_typo_font_weight_tablet":"","ocean_menu_typo_font_weight_mobile":"","ocean_menu_typo_transform":"","ocean_menu_typo_transform_tablet":"","ocean_menu_typo_transform_mobile":"","ocean_menu_typo_line_height":0,"ocean_menu_typo_line_height_tablet":0,"ocean_menu_typo_line_height_mobile":0,"ocean_menu_typo_line_height_unit":"","ocean_menu_typo_spacing":0,"ocean_menu_typo_spacing_tablet":0,"ocean_menu_typo_spacing_mobile":0,"ocean_menu_typo_spacing_unit":"","ocean_menu_link_color":"","ocean_menu_link_color_hover":"","ocean_menu_link_color_active":"","ocean_menu_link_background":"","ocean_menu_link_hover_background":"","ocean_menu_link_active_background":"","ocean_menu_social_links_bg":"","ocean_menu_social_hover_links_bg":"","ocean_menu_social_links_color":"","ocean_menu_social_hover_links_color":"","ocean_disable_title":"default","ocean_disable_heading":"default","ocean_post_title":"","ocean_post_subheading":"","ocean_post_title_style":"","ocean_post_title_background_color":"","ocean_post_title_background":0,"ocean_post_title_bg_image_position":"","ocean_post_title_bg_image_attachment":"","ocean_post_title_bg_image_repeat":"","ocean_post_title_bg_image_size":"","ocean_post_title_height":0,"ocean_post_title_bg_overlay":0.5,"ocean_post_title_bg_overlay_color":"","ocean_disable_breadcrumbs":"default","ocean_breadcrumbs_color":"","ocean_breadcrumbs_separator_color":"","ocean_breadcrumbs_links_color":"","ocean_breadcrumbs_links_hover_color":"","ocean_display_footer_widgets":"default","ocean_display_footer_bottom":"default","ocean_custom_footer_template":"0"},"product_cat":[18,30,80,102,19,20,21,22,24,17,27,28,29],"product_tag":[],"class_list":{"0":"post-1776","1":"product","2":"type-product","3":"status-publish","4":"has-post-thumbnail","6":"product_cat-body-types","7":"product_cat-daily-use","8":"product_cat-faja-tech","9":"product_cat-fajatech-line","10":"product_cat-pear","11":"product_cat-post-partum","12":"product_cat-post-surgical","13":"product_cat-rectangle","14":"product_cat-sand-timer","15":"product_cat-shapewears","16":"product_cat-shaping","17":"product_cat-size-reduction","18":"product_cat-triangle","20":"entry","21":"has-media","23":"first","24":"instock","25":"shipping-taxable","26":"purchasable","27":"product-type-variable","28":"has-product-nav","29":"col","30":"span_1_of_4","31":"owp-content-center","32":"owp-thumbs-layout-horizontal","33":"owp-btn-normal","34":"owp-tabs-layout-horizontal"},"yoast_head":"<!-- This site is optimized with the Yoast SEO plugin v24.0 - https:\/\/yoast.com\/wordpress\/plugins\/seo\/ -->\n<title>Hipster girdle Tech Smart Glow - Fajas Viticontrol<\/title>\n<meta name=\"description\" content=\"Faja en &quot;SMARTGLOW&quot; cachetera en Powernet forrada en algod\u00f3n de alta calidad. Dise\u00f1o de 4 niveles de broches frontales. Tiras delgadas con cubrimiento de espalda y senos libres. Blonda siliconada, realce de gl\u00fateos y moldeamiento en gl\u00fateos. Abertura perineal con panty. \u00c1rbitro. 6000\" \/>\n<meta name=\"robots\" content=\"index, follow, max-snippet:-1, max-image-preview:large, max-video-preview:-1\" \/>\n<link rel=\"canonical\" href=\"https:\/\/us.viticontrol.com\/?product=hipster-girdle-tech-smart-glow\" \/>\n<meta property=\"og:locale\" content=\"en_US\" \/>\n<meta property=\"og:type\" content=\"article\" \/>\n<meta property=\"og:title\" content=\"Hipster girdle Tech Smart Glow - Fajas Viticontrol\" \/>\n<meta property=\"og:description\" content=\"Faja en &quot;SMARTGLOW&quot; cachetera en Powernet forrada en algod\u00f3n de alta calidad. Dise\u00f1o de 4 niveles de broches frontales. Tiras delgadas con cubrimiento de espalda y senos libres. Blonda siliconada, realce de gl\u00fateos y moldeamiento en gl\u00fateos. Abertura perineal con panty. \u00c1rbitro. 6000\" \/>\n<meta property=\"og:url\" content=\"https:\/\/us.viticontrol.com\/?product=hipster-girdle-tech-smart-glow\" \/>\n<meta property=\"og:site_name\" content=\"Fajas Viticontrol\" \/>\n<meta property=\"article:modified_time\" content=\"2023-02-01T16:29:46+00:00\" \/>\n<meta property=\"og:image\" content=\"https:\/\/us.viticontrol.com\/wp-content\/uploads\/2021\/11\/Faja-Cachetera-Tech-Smart-Glow-postquirurgica-6000-2.png\" \/>\n\t<meta property=\"og:image:width\" content=\"1200\" \/>\n\t<meta property=\"og:image:height\" content=\"800\" \/>\n\t<meta property=\"og:image:type\" content=\"image\/png\" \/>\n<meta name=\"twitter:card\" content=\"summary_large_image\" \/>\n<meta name=\"twitter:label1\" content=\"Est. reading time\" \/>\n\t<meta name=\"twitter:data1\" content=\"1 minute\" \/>\n<script type=\"application\/ld+json\" class=\"yoast-schema-graph\">{\"@context\":\"https:\/\/schema.org\",\"@graph\":[{\"@type\":\"WebPage\",\"@id\":\"https:\/\/us.viticontrol.com\/?product=hipster-girdle-tech-smart-glow\",\"url\":\"https:\/\/us.viticontrol.com\/?product=hipster-girdle-tech-smart-glow\",\"name\":\"Hipster girdle Tech Smart Glow - Fajas Viticontrol\",\"isPartOf\":{\"@id\":\"https:\/\/us.viticontrol.com\/#website\"},\"primaryImageOfPage\":{\"@id\":\"https:\/\/us.viticontrol.com\/?product=hipster-girdle-tech-smart-glow#primaryimage\"},\"image\":{\"@id\":\"https:\/\/us.viticontrol.com\/?product=hipster-girdle-tech-smart-glow#primaryimage\"},\"thumbnailUrl\":\"https:\/\/us.viticontrol.com\/wp-content\/uploads\/2021\/11\/Faja-Cachetera-Tech-Smart-Glow-postquirurgica-6000-2.png\",\"datePublished\":\"2021-11-12T20:44:33+00:00\",\"dateModified\":\"2023-02-01T16:29:46+00:00\",\"breadcrumb\":{\"@id\":\"https:\/\/us.viticontrol.com\/?product=hipster-girdle-tech-smart-glow#breadcrumb\"},\"inLanguage\":\"en-US\",\"potentialAction\":[{\"@type\":\"ReadAction\",\"target\":[\"https:\/\/us.viticontrol.com\/?product=hipster-girdle-tech-smart-glow\"]}]},{\"@type\":\"ImageObject\",\"inLanguage\":\"en-US\",\"@id\":\"https:\/\/us.viticontrol.com\/?product=hipster-girdle-tech-smart-glow#primaryimage\",\"url\":\"https:\/\/us.viticontrol.com\/wp-content\/uploads\/2021\/11\/Faja-Cachetera-Tech-Smart-Glow-postquirurgica-6000-2.png\",\"contentUrl\":\"https:\/\/us.viticontrol.com\/wp-content\/uploads\/2021\/11\/Faja-Cachetera-Tech-Smart-Glow-postquirurgica-6000-2.png\",\"width\":1200,\"height\":800},{\"@type\":\"BreadcrumbList\",\"@id\":\"https:\/\/us.viticontrol.com\/?product=hipster-girdle-tech-smart-glow#breadcrumb\",\"itemListElement\":[{\"@type\":\"ListItem\",\"position\":1,\"name\":\"Portada\",\"item\":\"https:\/\/us.viticontrol.com\/\"},{\"@type\":\"ListItem\",\"position\":2,\"name\":\"Colombian girdles\",\"item\":\"https:\/\/us.viticontrol.com\/\"},{\"@type\":\"ListItem\",\"position\":3,\"name\":\"Hipster girdle Tech Smart Glow\"}]},{\"@type\":\"WebSite\",\"@id\":\"https:\/\/us.viticontrol.com\/#website\",\"url\":\"https:\/\/us.viticontrol.com\/\",\"name\":\"Fajas Viticontrol\",\"description\":\"Colombian girdles\",\"publisher\":{\"@id\":\"https:\/\/us.viticontrol.com\/#organization\"},\"potentialAction\":[{\"@type\":\"SearchAction\",\"target\":{\"@type\":\"EntryPoint\",\"urlTemplate\":\"https:\/\/us.viticontrol.com\/?s={search_term_string}\"},\"query-input\":{\"@type\":\"PropertyValueSpecification\",\"valueRequired\":true,\"valueName\":\"search_term_string\"}}],\"inLanguage\":\"en-US\"},{\"@type\":\"Organization\",\"@id\":\"https:\/\/us.viticontrol.com\/#organization\",\"name\":\"Fajas Viticontrol\",\"url\":\"https:\/\/us.viticontrol.com\/\",\"logo\":{\"@type\":\"ImageObject\",\"inLanguage\":\"en-US\",\"@id\":\"https:\/\/us.viticontrol.com\/#\/schema\/logo\/image\/\",\"url\":\"https:\/\/us.viticontrol.com\/wp-content\/uploads\/2021\/11\/Logo-VITI-Footer-1-1.png\",\"contentUrl\":\"https:\/\/us.viticontrol.com\/wp-content\/uploads\/2021\/11\/Logo-VITI-Footer-1-1.png\",\"width\":200,\"height\":240,\"caption\":\"Fajas Viticontrol\"},\"image\":{\"@id\":\"https:\/\/us.viticontrol.com\/#\/schema\/logo\/image\/\"}}]}<\/script>\n<!-- \/ Yoast SEO plugin. -->","yoast_head_json":{"title":"Hipster girdle Tech Smart Glow - Fajas Viticontrol","description":"Faja en \"SMARTGLOW\" cachetera en Powernet forrada en algod\u00f3n de alta calidad. Dise\u00f1o de 4 niveles de broches frontales. Tiras delgadas con cubrimiento de espalda y senos libres. Blonda siliconada, realce de gl\u00fateos y moldeamiento en gl\u00fateos. Abertura perineal con panty. \u00c1rbitro. 6000","robots":{"index":"index","follow":"follow","max-snippet":"max-snippet:-1","max-image-preview":"max-image-preview:large","max-video-preview":"max-video-preview:-1"},"canonical":"https:\/\/us.viticontrol.com\/?product=hipster-girdle-tech-smart-glow","og_locale":"en_US","og_type":"article","og_title":"Hipster girdle Tech Smart Glow - Fajas Viticontrol","og_description":"Faja en \"SMARTGLOW\" cachetera en Powernet forrada en algod\u00f3n de alta calidad. Dise\u00f1o de 4 niveles de broches frontales. Tiras delgadas con cubrimiento de espalda y senos libres. Blonda siliconada, realce de gl\u00fateos y moldeamiento en gl\u00fateos. Abertura perineal con panty. \u00c1rbitro. 6000","og_url":"https:\/\/us.viticontrol.com\/?product=hipster-girdle-tech-smart-glow","og_site_name":"Fajas Viticontrol","article_modified_time":"2023-02-01T16:29:46+00:00","og_image":[{"width":1200,"height":800,"url":"https:\/\/us.viticontrol.com\/wp-content\/uploads\/2021\/11\/Faja-Cachetera-Tech-Smart-Glow-postquirurgica-6000-2.png","type":"image\/png"}],"twitter_card":"summary_large_image","twitter_misc":{"Est. reading time":"1 minute"},"schema":{"@context":"https:\/\/schema.org","@graph":[{"@type":"WebPage","@id":"https:\/\/us.viticontrol.com\/?product=hipster-girdle-tech-smart-glow","url":"https:\/\/us.viticontrol.com\/?product=hipster-girdle-tech-smart-glow","name":"Hipster girdle Tech Smart Glow - Fajas Viticontrol","isPartOf":{"@id":"https:\/\/us.viticontrol.com\/#website"},"primaryImageOfPage":{"@id":"https:\/\/us.viticontrol.com\/?product=hipster-girdle-tech-smart-glow#primaryimage"},"image":{"@id":"https:\/\/us.viticontrol.com\/?product=hipster-girdle-tech-smart-glow#primaryimage"},"thumbnailUrl":"https:\/\/us.viticontrol.com\/wp-content\/uploads\/2021\/11\/Faja-Cachetera-Tech-Smart-Glow-postquirurgica-6000-2.png","datePublished":"2021-11-12T20:44:33+00:00","dateModified":"2023-02-01T16:29:46+00:00","breadcrumb":{"@id":"https:\/\/us.viticontrol.com\/?product=hipster-girdle-tech-smart-glow#breadcrumb"},"inLanguage":"en-US","potentialAction":[{"@type":"ReadAction","target":["https:\/\/us.viticontrol.com\/?product=hipster-girdle-tech-smart-glow"]}]},{"@type":"ImageObject","inLanguage":"en-US","@id":"https:\/\/us.viticontrol.com\/?product=hipster-girdle-tech-smart-glow#primaryimage","url":"https:\/\/us.viticontrol.com\/wp-content\/uploads\/2021\/11\/Faja-Cachetera-Tech-Smart-Glow-postquirurgica-6000-2.png","contentUrl":"https:\/\/us.viticontrol.com\/wp-content\/uploads\/2021\/11\/Faja-Cachetera-Tech-Smart-Glow-postquirurgica-6000-2.png","width":1200,"height":800},{"@type":"BreadcrumbList","@id":"https:\/\/us.viticontrol.com\/?product=hipster-girdle-tech-smart-glow#breadcrumb","itemListElement":[{"@type":"ListItem","position":1,"name":"Portada","item":"https:\/\/us.viticontrol.com\/"},{"@type":"ListItem","position":2,"name":"Colombian girdles","item":"https:\/\/us.viticontrol.com\/"},{"@type":"ListItem","position":3,"name":"Hipster girdle Tech Smart Glow"}]},{"@type":"WebSite","@id":"https:\/\/us.viticontrol.com\/#website","url":"https:\/\/us.viticontrol.com\/","name":"Fajas Viticontrol","description":"Colombian girdles","publisher":{"@id":"https:\/\/us.viticontrol.com\/#organization"},"potentialAction":[{"@type":"SearchAction","target":{"@type":"EntryPoint","urlTemplate":"https:\/\/us.viticontrol.com\/?s={search_term_string}"},"query-input":{"@type":"PropertyValueSpecification","valueRequired":true,"valueName":"search_term_string"}}],"inLanguage":"en-US"},{"@type":"Organization","@id":"https:\/\/us.viticontrol.com\/#organization","name":"Fajas Viticontrol","url":"https:\/\/us.viticontrol.com\/","logo":{"@type":"ImageObject","inLanguage":"en-US","@id":"https:\/\/us.viticontrol.com\/#\/schema\/logo\/image\/","url":"https:\/\/us.viticontrol.com\/wp-content\/uploads\/2021\/11\/Logo-VITI-Footer-1-1.png","contentUrl":"https:\/\/us.viticontrol.com\/wp-content\/uploads\/2021\/11\/Logo-VITI-Footer-1-1.png","width":200,"height":240,"caption":"Fajas Viticontrol"},"image":{"@id":"https:\/\/us.viticontrol.com\/#\/schema\/logo\/image\/"}}]}},"_links":{"self":[{"href":"https:\/\/us.viticontrol.com\/index.php?rest_route=\/wp\/v2\/product\/1776","targetHints":{"allow":["GET"]}}],"collection":[{"href":"https:\/\/us.viticontrol.com\/index.php?rest_route=\/wp\/v2\/product"}],"about":[{"href":"https:\/\/us.viticontrol.com\/index.php?rest_route=\/wp\/v2\/types\/product"}],"wp:featuredmedia":[{"embeddable":true,"href":"https:\/\/us.viticontrol.com\/index.php?rest_route=\/wp\/v2\/media\/1798"}],"wp:attachment":[{"href":"https:\/\/us.viticontrol.com\/index.php?rest_route=%2Fwp%2Fv2%2Fmedia&parent=1776"}],"wp:term":[{"taxonomy":"product_cat","embeddable":true,"href":"https:\/\/us.viticontrol.com\/index.php?rest_route=%2Fwp%2Fv2%2Fproduct_cat&post=1776"},{"taxonomy":"product_tag","embeddable":true,"href":"https:\/\/us.viticontrol.com\/index.php?rest_route=%2Fwp%2Fv2%2Fproduct_tag&post=1776"}],"curies":[{"name":"wp","href":"https:\/\/api.w.org\/{rel}","templated":true}]}}