{"id":1482,"date":"2021-11-12T15:43:34","date_gmt":"2021-11-12T20:43:34","guid":{"rendered":"http:\/\/us.viticontrol.com\/?post_type=product&#038;p=1482"},"modified":"2023-02-01T11:29:29","modified_gmt":"2023-02-01T16:29:29","slug":"thin-strip-bra","status":"publish","type":"product","link":"https:\/\/us.viticontrol.com\/?product=thin-strip-bra","title":{"rendered":"Thin strip bra"},"content":{"rendered":"<h1>DETALLES DE PRODUCTO<\/h1>\n<p>Brasier de control muy confortable, te brinda m\u00e1ximo soporte, con m\u00e1ximo cubrimiento en el busto dise\u00f1ado en LYCRA\u00ae para mayor ajuste. Con tiras delgadas removibles, abrochadura delantera con dos niveles de ajuste que facilita el uso de la prenda.<\/p>\n","protected":false},"excerpt":{"rendered":"<p><span data-sheets-value=\"{&quot;1&quot;:2,&quot;2&quot;:&quot;Brasier posquirurgico, tira delgada ajustada en lycra, con dos niveles de abrochadura &quot;}\" data-sheets-userformat=\"{&quot;2&quot;:13309,&quot;3&quot;:{&quot;1&quot;:0},&quot;5&quot;:{&quot;1&quot;:[{&quot;1&quot;:2,&quot;2&quot;:0,&quot;5&quot;:[null,2,0]},{&quot;1&quot;:0,&quot;2&quot;:0,&quot;3&quot;:3},{&quot;1&quot;:1,&quot;2&quot;:0,&quot;4&quot;:1}]},&quot;6&quot;:{&quot;1&quot;:[{&quot;1&quot;:2,&quot;2&quot;:0,&quot;5&quot;:[null,2,0]},{&quot;1&quot;:0,&quot;2&quot;:0,&quot;3&quot;:3},{&quot;1&quot;:1,&quot;2&quot;:0,&quot;4&quot;:1}]},&quot;7&quot;:{&quot;1&quot;:[{&quot;1&quot;:2,&quot;2&quot;:0,&quot;5&quot;:[null,2,0]},{&quot;1&quot;:0,&quot;2&quot;:0,&quot;3&quot;:3},{&quot;1&quot;:1,&quot;2&quot;:0,&quot;4&quot;:1}]},&quot;8&quot;:{&quot;1&quot;:[{&quot;1&quot;:2,&quot;2&quot;:0,&quot;5&quot;:[null,2,0]},{&quot;1&quot;:0,&quot;2&quot;:0,&quot;3&quot;:3},{&quot;1&quot;:1,&quot;2&quot;:0,&quot;4&quot;:1}]},&quot;9&quot;:1,&quot;10&quot;:1,&quot;11&quot;:4,&quot;12&quot;:0,&quot;15&quot;:&quot;Calibri&quot;,&quot;16&quot;:11}\">Brasier postquir\u00fargico, tiras delgadas ajustables en LYCRA\u00ae, con dos niveles de abrochadura. Ref . 1802<\/span><\/p>\n","protected":false},"featured_media":1492,"template":"","meta":{"ocean_post_layout":"","ocean_both_sidebars_style":"","ocean_both_sidebars_content_width":0,"ocean_both_sidebars_sidebars_width":0,"ocean_sidebar":"0","ocean_second_sidebar":"0","ocean_disable_margins":"enable","ocean_add_body_class":"","ocean_shortcode_before_top_bar":"","ocean_shortcode_after_top_bar":"","ocean_shortcode_before_header":"","ocean_shortcode_after_header":"","ocean_has_shortcode":"","ocean_shortcode_after_title":"","ocean_shortcode_before_footer_widgets":"","ocean_shortcode_after_footer_widgets":"","ocean_shortcode_before_footer_bottom":"","ocean_shortcode_after_footer_bottom":"","ocean_display_top_bar":"default","ocean_display_header":"default","ocean_header_style":"","ocean_center_header_left_menu":"0","ocean_custom_header_template":"0","ocean_custom_logo":0,"ocean_custom_retina_logo":0,"ocean_custom_logo_max_width":0,"ocean_custom_logo_tablet_max_width":0,"ocean_custom_logo_mobile_max_width":0,"ocean_custom_logo_max_height":0,"ocean_custom_logo_tablet_max_height":0,"ocean_custom_logo_mobile_max_height":0,"ocean_header_custom_menu":"0","ocean_menu_typo_font_family":"0","ocean_menu_typo_font_subset":"","ocean_menu_typo_font_size":0,"ocean_menu_typo_font_size_tablet":0,"ocean_menu_typo_font_size_mobile":0,"ocean_menu_typo_font_size_unit":"px","ocean_menu_typo_font_weight":"","ocean_menu_typo_font_weight_tablet":"","ocean_menu_typo_font_weight_mobile":"","ocean_menu_typo_transform":"","ocean_menu_typo_transform_tablet":"","ocean_menu_typo_transform_mobile":"","ocean_menu_typo_line_height":0,"ocean_menu_typo_line_height_tablet":0,"ocean_menu_typo_line_height_mobile":0,"ocean_menu_typo_line_height_unit":"","ocean_menu_typo_spacing":0,"ocean_menu_typo_spacing_tablet":0,"ocean_menu_typo_spacing_mobile":0,"ocean_menu_typo_spacing_unit":"","ocean_menu_link_color":"","ocean_menu_link_color_hover":"","ocean_menu_link_color_active":"","ocean_menu_link_background":"","ocean_menu_link_hover_background":"","ocean_menu_link_active_background":"","ocean_menu_social_links_bg":"","ocean_menu_social_hover_links_bg":"","ocean_menu_social_links_color":"","ocean_menu_social_hover_links_color":"","ocean_disable_title":"default","ocean_disable_heading":"default","ocean_post_title":"","ocean_post_subheading":"","ocean_post_title_style":"","ocean_post_title_background_color":"","ocean_post_title_background":0,"ocean_post_title_bg_image_position":"","ocean_post_title_bg_image_attachment":"","ocean_post_title_bg_image_repeat":"","ocean_post_title_bg_image_size":"","ocean_post_title_height":0,"ocean_post_title_bg_overlay":0.5,"ocean_post_title_bg_overlay_color":"","ocean_disable_breadcrumbs":"default","ocean_breadcrumbs_color":"","ocean_breadcrumbs_separator_color":"","ocean_breadcrumbs_links_color":"","ocean_breadcrumbs_links_hover_color":"","ocean_display_footer_widgets":"default","ocean_display_footer_bottom":"default","ocean_custom_footer_template":"0"},"product_cat":[18,49,30,26,103,19,21,22,17,29],"product_tag":[],"class_list":{"0":"post-1482","1":"product","2":"type-product","3":"status-publish","4":"has-post-thumbnail","6":"product_cat-body-types","7":"product_cat-bra","8":"product_cat-daily-use","9":"product_cat-diamond","10":"product_cat-la-faja-line","11":"product_cat-pear","12":"product_cat-post-surgical","13":"product_cat-rectangle","14":"product_cat-shapewears","15":"product_cat-triangle","17":"entry","18":"has-media","20":"first","21":"instock","22":"shipping-taxable","23":"purchasable","24":"product-type-variable","25":"has-product-nav","26":"col","27":"span_1_of_4","28":"owp-content-center","29":"owp-thumbs-layout-horizontal","30":"owp-btn-normal","31":"owp-tabs-layout-horizontal"},"yoast_head":"<!-- This site is optimized with the Yoast SEO plugin v24.0 - https:\/\/yoast.com\/wordpress\/plugins\/seo\/ -->\n<title>Thin strip bra - Fajas Viticontrol<\/title>\n<meta name=\"description\" content=\"Brasier postquir\u00fargico, tiras delgadas ajustables en LYCRA\u00ae, con dos niveles de abrochadura. Ref . 1802\" \/>\n<meta name=\"robots\" content=\"index, follow, max-snippet:-1, max-image-preview:large, max-video-preview:-1\" \/>\n<link rel=\"canonical\" href=\"https:\/\/us.viticontrol.com\/?product=thin-strip-bra\" \/>\n<meta property=\"og:locale\" content=\"en_US\" \/>\n<meta property=\"og:type\" content=\"article\" \/>\n<meta property=\"og:title\" content=\"Thin strip bra - Fajas Viticontrol\" \/>\n<meta property=\"og:description\" content=\"Brasier postquir\u00fargico, tiras delgadas ajustables en LYCRA\u00ae, con dos niveles de abrochadura. Ref . 1802\" \/>\n<meta property=\"og:url\" content=\"https:\/\/us.viticontrol.com\/?product=thin-strip-bra\" \/>\n<meta property=\"og:site_name\" content=\"Fajas Viticontrol\" \/>\n<meta property=\"article:modified_time\" content=\"2023-02-01T16:29:29+00:00\" \/>\n<meta property=\"og:image\" content=\"https:\/\/us.viticontrol.com\/wp-content\/uploads\/2021\/11\/B10A1971.png\" \/>\n\t<meta property=\"og:image:width\" content=\"2048\" \/>\n\t<meta property=\"og:image:height\" content=\"1365\" \/>\n\t<meta property=\"og:image:type\" content=\"image\/png\" \/>\n<meta name=\"twitter:card\" content=\"summary_large_image\" \/>\n<meta name=\"twitter:label1\" content=\"Est. reading time\" \/>\n\t<meta name=\"twitter:data1\" content=\"1 minute\" \/>\n<script type=\"application\/ld+json\" class=\"yoast-schema-graph\">{\"@context\":\"https:\/\/schema.org\",\"@graph\":[{\"@type\":\"WebPage\",\"@id\":\"https:\/\/us.viticontrol.com\/?product=thin-strip-bra\",\"url\":\"https:\/\/us.viticontrol.com\/?product=thin-strip-bra\",\"name\":\"Thin strip bra - Fajas Viticontrol\",\"isPartOf\":{\"@id\":\"https:\/\/us.viticontrol.com\/#website\"},\"primaryImageOfPage\":{\"@id\":\"https:\/\/us.viticontrol.com\/?product=thin-strip-bra#primaryimage\"},\"image\":{\"@id\":\"https:\/\/us.viticontrol.com\/?product=thin-strip-bra#primaryimage\"},\"thumbnailUrl\":\"https:\/\/us.viticontrol.com\/wp-content\/uploads\/2021\/11\/B10A1971.png\",\"datePublished\":\"2021-11-12T20:43:34+00:00\",\"dateModified\":\"2023-02-01T16:29:29+00:00\",\"breadcrumb\":{\"@id\":\"https:\/\/us.viticontrol.com\/?product=thin-strip-bra#breadcrumb\"},\"inLanguage\":\"en-US\",\"potentialAction\":[{\"@type\":\"ReadAction\",\"target\":[\"https:\/\/us.viticontrol.com\/?product=thin-strip-bra\"]}]},{\"@type\":\"ImageObject\",\"inLanguage\":\"en-US\",\"@id\":\"https:\/\/us.viticontrol.com\/?product=thin-strip-bra#primaryimage\",\"url\":\"https:\/\/us.viticontrol.com\/wp-content\/uploads\/2021\/11\/B10A1971.png\",\"contentUrl\":\"https:\/\/us.viticontrol.com\/wp-content\/uploads\/2021\/11\/B10A1971.png\",\"width\":2048,\"height\":1365},{\"@type\":\"BreadcrumbList\",\"@id\":\"https:\/\/us.viticontrol.com\/?product=thin-strip-bra#breadcrumb\",\"itemListElement\":[{\"@type\":\"ListItem\",\"position\":1,\"name\":\"Portada\",\"item\":\"https:\/\/us.viticontrol.com\/\"},{\"@type\":\"ListItem\",\"position\":2,\"name\":\"Colombian girdles\",\"item\":\"https:\/\/us.viticontrol.com\/\"},{\"@type\":\"ListItem\",\"position\":3,\"name\":\"Thin strip bra\"}]},{\"@type\":\"WebSite\",\"@id\":\"https:\/\/us.viticontrol.com\/#website\",\"url\":\"https:\/\/us.viticontrol.com\/\",\"name\":\"Fajas Viticontrol\",\"description\":\"Colombian girdles\",\"publisher\":{\"@id\":\"https:\/\/us.viticontrol.com\/#organization\"},\"potentialAction\":[{\"@type\":\"SearchAction\",\"target\":{\"@type\":\"EntryPoint\",\"urlTemplate\":\"https:\/\/us.viticontrol.com\/?s={search_term_string}\"},\"query-input\":{\"@type\":\"PropertyValueSpecification\",\"valueRequired\":true,\"valueName\":\"search_term_string\"}}],\"inLanguage\":\"en-US\"},{\"@type\":\"Organization\",\"@id\":\"https:\/\/us.viticontrol.com\/#organization\",\"name\":\"Fajas Viticontrol\",\"url\":\"https:\/\/us.viticontrol.com\/\",\"logo\":{\"@type\":\"ImageObject\",\"inLanguage\":\"en-US\",\"@id\":\"https:\/\/us.viticontrol.com\/#\/schema\/logo\/image\/\",\"url\":\"https:\/\/us.viticontrol.com\/wp-content\/uploads\/2021\/11\/Logo-VITI-Footer-1-1.png\",\"contentUrl\":\"https:\/\/us.viticontrol.com\/wp-content\/uploads\/2021\/11\/Logo-VITI-Footer-1-1.png\",\"width\":200,\"height\":240,\"caption\":\"Fajas Viticontrol\"},\"image\":{\"@id\":\"https:\/\/us.viticontrol.com\/#\/schema\/logo\/image\/\"}}]}<\/script>\n<!-- \/ Yoast SEO plugin. -->","yoast_head_json":{"title":"Thin strip bra - Fajas Viticontrol","description":"Brasier postquir\u00fargico, tiras delgadas ajustables en LYCRA\u00ae, con dos niveles de abrochadura. Ref . 1802","robots":{"index":"index","follow":"follow","max-snippet":"max-snippet:-1","max-image-preview":"max-image-preview:large","max-video-preview":"max-video-preview:-1"},"canonical":"https:\/\/us.viticontrol.com\/?product=thin-strip-bra","og_locale":"en_US","og_type":"article","og_title":"Thin strip bra - Fajas Viticontrol","og_description":"Brasier postquir\u00fargico, tiras delgadas ajustables en LYCRA\u00ae, con dos niveles de abrochadura. Ref . 1802","og_url":"https:\/\/us.viticontrol.com\/?product=thin-strip-bra","og_site_name":"Fajas Viticontrol","article_modified_time":"2023-02-01T16:29:29+00:00","og_image":[{"width":2048,"height":1365,"url":"https:\/\/us.viticontrol.com\/wp-content\/uploads\/2021\/11\/B10A1971.png","type":"image\/png"}],"twitter_card":"summary_large_image","twitter_misc":{"Est. reading time":"1 minute"},"schema":{"@context":"https:\/\/schema.org","@graph":[{"@type":"WebPage","@id":"https:\/\/us.viticontrol.com\/?product=thin-strip-bra","url":"https:\/\/us.viticontrol.com\/?product=thin-strip-bra","name":"Thin strip bra - Fajas Viticontrol","isPartOf":{"@id":"https:\/\/us.viticontrol.com\/#website"},"primaryImageOfPage":{"@id":"https:\/\/us.viticontrol.com\/?product=thin-strip-bra#primaryimage"},"image":{"@id":"https:\/\/us.viticontrol.com\/?product=thin-strip-bra#primaryimage"},"thumbnailUrl":"https:\/\/us.viticontrol.com\/wp-content\/uploads\/2021\/11\/B10A1971.png","datePublished":"2021-11-12T20:43:34+00:00","dateModified":"2023-02-01T16:29:29+00:00","breadcrumb":{"@id":"https:\/\/us.viticontrol.com\/?product=thin-strip-bra#breadcrumb"},"inLanguage":"en-US","potentialAction":[{"@type":"ReadAction","target":["https:\/\/us.viticontrol.com\/?product=thin-strip-bra"]}]},{"@type":"ImageObject","inLanguage":"en-US","@id":"https:\/\/us.viticontrol.com\/?product=thin-strip-bra#primaryimage","url":"https:\/\/us.viticontrol.com\/wp-content\/uploads\/2021\/11\/B10A1971.png","contentUrl":"https:\/\/us.viticontrol.com\/wp-content\/uploads\/2021\/11\/B10A1971.png","width":2048,"height":1365},{"@type":"BreadcrumbList","@id":"https:\/\/us.viticontrol.com\/?product=thin-strip-bra#breadcrumb","itemListElement":[{"@type":"ListItem","position":1,"name":"Portada","item":"https:\/\/us.viticontrol.com\/"},{"@type":"ListItem","position":2,"name":"Colombian girdles","item":"https:\/\/us.viticontrol.com\/"},{"@type":"ListItem","position":3,"name":"Thin strip bra"}]},{"@type":"WebSite","@id":"https:\/\/us.viticontrol.com\/#website","url":"https:\/\/us.viticontrol.com\/","name":"Fajas Viticontrol","description":"Colombian girdles","publisher":{"@id":"https:\/\/us.viticontrol.com\/#organization"},"potentialAction":[{"@type":"SearchAction","target":{"@type":"EntryPoint","urlTemplate":"https:\/\/us.viticontrol.com\/?s={search_term_string}"},"query-input":{"@type":"PropertyValueSpecification","valueRequired":true,"valueName":"search_term_string"}}],"inLanguage":"en-US"},{"@type":"Organization","@id":"https:\/\/us.viticontrol.com\/#organization","name":"Fajas Viticontrol","url":"https:\/\/us.viticontrol.com\/","logo":{"@type":"ImageObject","inLanguage":"en-US","@id":"https:\/\/us.viticontrol.com\/#\/schema\/logo\/image\/","url":"https:\/\/us.viticontrol.com\/wp-content\/uploads\/2021\/11\/Logo-VITI-Footer-1-1.png","contentUrl":"https:\/\/us.viticontrol.com\/wp-content\/uploads\/2021\/11\/Logo-VITI-Footer-1-1.png","width":200,"height":240,"caption":"Fajas Viticontrol"},"image":{"@id":"https:\/\/us.viticontrol.com\/#\/schema\/logo\/image\/"}}]}},"_links":{"self":[{"href":"https:\/\/us.viticontrol.com\/index.php?rest_route=\/wp\/v2\/product\/1482","targetHints":{"allow":["GET"]}}],"collection":[{"href":"https:\/\/us.viticontrol.com\/index.php?rest_route=\/wp\/v2\/product"}],"about":[{"href":"https:\/\/us.viticontrol.com\/index.php?rest_route=\/wp\/v2\/types\/product"}],"wp:featuredmedia":[{"embeddable":true,"href":"https:\/\/us.viticontrol.com\/index.php?rest_route=\/wp\/v2\/media\/1492"}],"wp:attachment":[{"href":"https:\/\/us.viticontrol.com\/index.php?rest_route=%2Fwp%2Fv2%2Fmedia&parent=1482"}],"wp:term":[{"taxonomy":"product_cat","embeddable":true,"href":"https:\/\/us.viticontrol.com\/index.php?rest_route=%2Fwp%2Fv2%2Fproduct_cat&post=1482"},{"taxonomy":"product_tag","embeddable":true,"href":"https:\/\/us.viticontrol.com\/index.php?rest_route=%2Fwp%2Fv2%2Fproduct_tag&post=1482"}],"curies":[{"name":"wp","href":"https:\/\/api.w.org\/{rel}","templated":true}]}}